{"id":145,"date":"2025-01-08T12:56:09","date_gmt":"2025-01-08T12:56:09","guid":{"rendered":"https:\/\/licyan.teclinkeurope.com\/?page_id=145&#038;preview_id=145"},"modified":"2025-01-23T13:52:04","modified_gmt":"2025-01-23T13:52:04","slug":"portfolio","status":"publish","type":"page","link":"https:\/\/ak.teclinkeurope.com\/de\/portfolio\/","title":{"rendered":"Leistungen"},"content":{"rendered":"\n<p><strong>Lycian Design&nbsp;<\/strong>\u2013 Ihrer Partner f\u00fcr \u00e4sthetische und effektive visuelle Kommunikation.<\/p>\n\n\n\n<p>Wir verwandeln Ihre Ideen in einzigartige Designs, die begeistern und im Ged\u00e4chtnis bleiben.<\/p>\n\n\n\n<p>Unsere Schwerpunkte:<\/p>\n\n\n<ul class=\"ub_styled_list\" id=\"ub_styled_list-a3c86ad6-7aeb-4673-8626-f676fe6e8569\">\n<li class=\"ub_styled_list_item\"><strong>Markenidentit\u00e4ten:<\/strong>&nbsp;Logos, die Ihre Marke widerspiegeln.<\/li>\n\n<li class=\"ub_styled_list_item\"><strong>Printdesign:<\/strong>&nbsp;Flyer, Brosch\u00fcren und Plakate, die Aufmerksamkeit erzeugen.<\/li>\n\n<li class=\"ub_styled_list_item\"><strong>Digitales Design:<\/strong>&nbsp;Social-Media-Grafiken, Webdesign und mehr.<\/li>\n<\/ul>\n\n\n<p><\/p>\n\n\n\n<p>Jedes Projekt beginnt mit einer Vision \u2013 Ihrer Vision.&nbsp;<\/p>\n\n\n\n<p>Gemeinsam entwickeln wir Designs, die nicht nur sch\u00f6n aussehen, sondern auch Ihre Botschaft klar transportieren.&nbsp;<\/p>\n\n\n\n<p>Bei&nbsp;<strong>Lycian Design<\/strong>&nbsp;stehen Kreativit\u00e4t, Pr\u00e4zision und ein Auge f\u00fcrs Detail im Mittelpunkt.<\/p>\n\n\n\n<p><strong>Setzen Sie Ihre Marke mit uns perfekt in Szene<\/strong><\/p>\n\n\n\n<blockquote class=\"wp-block-quote\">\n<h2 class=\"wp-block-heading has-text-align-center\">Web- und Screendesign<\/h2>\n\n\n\n<p><\/p>\n\n\n\n<div class=\"wp-block-cover is-light\"><span aria-hidden=\"true\" class=\"wp-block-cover__background has-background-dim-0 has-background-dim\"><\/span><div class=\"wp-block-cover__inner-container is-layout-flow wp-block-cover-is-layout-flow\">\n<div class=\"wp-block-group is-layout-constrained wp-block-group-is-layout-constrained\">\n<div id=\"wp-block-themeisle-blocks-slider-968073b6\" class=\"wp-block-themeisle-blocks-slider glide\" data-per-view=\"1\" data-gap=\"0\" data-peek=\"0\" data-autoplay=\"true\" data-height=\"750px\" data-hide-arrows=\"false\" data-transition=\"ease-in\"><div class=\"glide__track\" data-glide-el=\"track\"><div class=\"glide__slides\"><div class=\"wp-block-themeisle-blocks-slider-item-wrapper glide__slide\" tabindex=\"0\"><figure><img decoding=\"async\" class=\"wp-block-themeisle-blocks-slider-item\" src=\"https:\/\/ak.teclinkeurope.com\/wp-content\/uploads\/2025\/01\/170125_landing_page_anja.png\" alt=\"\" title=\"\" data-id=\"313\"\/><figcaption>Webdesign<\/figcaption><\/figure><\/div><div class=\"wp-block-themeisle-blocks-slider-item-wrapper glide__slide\" tabindex=\"0\"><figure><img decoding=\"async\" class=\"wp-block-themeisle-blocks-slider-item\" src=\"https:\/\/ak.teclinkeurope.com\/wp-content\/uploads\/2025\/01\/App_mockup-scaled.jpg\" alt=\"\" title=\"\" data-id=\"305\"\/><figcaption>App-Design<\/figcaption><\/figure><\/div><\/div><div class=\"glide__bullets\" data-glide-el=\"controls[nav]\"><button class=\"glide__bullet\" data-glide-dir=\"=0\"><\/button><button class=\"glide__bullet\" data-glide-dir=\"=1\"><\/button><\/div><\/div><\/div>\n<\/div>\n<\/div><\/div>\n<\/blockquote>\n\n\n\n<h2 class=\"wp-block-heading\">Printdesign<\/h2>\n\n\n\n<div id=\"wp-block-themeisle-blocks-slider-dd2c2108\" class=\"wp-block-themeisle-blocks-slider glide\" data-per-view=\"1\" data-gap=\"0\" data-peek=\"0\" data-autoplay=\"true\" data-height=\"700px\" data-hide-arrows=\"false\" data-transition=\"ease-in\"><div class=\"glide__track\" data-glide-el=\"track\"><div class=\"glide__slides\"><div class=\"wp-block-themeisle-blocks-slider-item-wrapper glide__slide\" tabindex=\"0\"><figure><img decoding=\"async\" class=\"wp-block-themeisle-blocks-slider-item\" src=\"https:\/\/ak.teclinkeurope.com\/wp-content\/uploads\/2025\/01\/ruis_buchcover_schwarz_mockup-scaled.jpg\" alt=\"\" title=\"\" data-id=\"311\"\/><figcaption>Buchcover Design<\/figcaption><\/figure><\/div><div class=\"wp-block-themeisle-blocks-slider-item-wrapper glide__slide\" tabindex=\"0\"><figure><img decoding=\"async\" class=\"wp-block-themeisle-blocks-slider-item\" src=\"https:\/\/ak.teclinkeurope.com\/wp-content\/uploads\/2025\/01\/mockup_3_covers.png\" alt=\"\" title=\"\" data-id=\"309\"\/><figcaption>Magazine Design &amp; Editorial<\/figcaption><\/figure><\/div><div class=\"wp-block-themeisle-blocks-slider-item-wrapper glide__slide\" tabindex=\"0\"><figure><img decoding=\"async\" class=\"wp-block-themeisle-blocks-slider-item\" src=\"https:\/\/ak.teclinkeurope.com\/wp-content\/uploads\/2025\/01\/4axel_design_ruis_shuster-Wiederhergestellt-Kopie-scaled.jpg\" alt=\"\" title=\"\" data-id=\"307\"\/><figcaption>Gesch\u00e4ftsausstattung<\/figcaption><\/figure><\/div><div class=\"wp-block-themeisle-blocks-slider-item-wrapper glide__slide\" tabindex=\"0\"><figure><img decoding=\"async\" class=\"wp-block-themeisle-blocks-slider-item\" src=\"https:\/\/ak.teclinkeurope.com\/wp-content\/uploads\/2025\/01\/KB_2.jpg\" alt=\"\" title=\"\" data-id=\"287\"\/><figcaption> Editorial Design<\/figcaption><\/figure><\/div><div class=\"wp-block-themeisle-blocks-slider-item-wrapper glide__slide\" tabindex=\"0\"><figure><img decoding=\"async\" class=\"wp-block-themeisle-blocks-slider-item\" src=\"https:\/\/ak.teclinkeurope.com\/wp-content\/uploads\/2025\/01\/BC_1.jpg\" alt=\"\" title=\"\" data-id=\"285\"\/><figcaption>Buchcover Design<\/figcaption><\/figure><\/div><div class=\"wp-block-themeisle-blocks-slider-item-wrapper glide__slide\" tabindex=\"0\"><figure><img decoding=\"async\" class=\"wp-block-themeisle-blocks-slider-item\" src=\"https:\/\/ak.teclinkeurope.com\/wp-content\/uploads\/2025\/01\/AKH_1.jpg\" alt=\"\" title=\"\" data-id=\"283\"\/><figcaption>Plakat Design\/AKH<\/figcaption><\/figure><\/div><div class=\"wp-block-themeisle-blocks-slider-item-wrapper glide__slide\" tabindex=\"0\"><figure><img decoding=\"async\" class=\"wp-block-themeisle-blocks-slider-item\" src=\"https:\/\/ak.teclinkeurope.com\/wp-content\/uploads\/2025\/01\/AKH_2.jpg\" alt=\"\" title=\"\" data-id=\"281\"\/><\/figure><\/div><div class=\"wp-block-themeisle-blocks-slider-item-wrapper glide__slide\" tabindex=\"0\"><figure><img decoding=\"async\" class=\"wp-block-themeisle-blocks-slider-item\" src=\"https:\/\/ak.teclinkeurope.com\/wp-content\/uploads\/2025\/01\/Arch_kurs_folder.jpg\" alt=\"\" title=\"\" data-id=\"279\"\/><figcaption>Folder\/Kinder Architektur Camp<\/figcaption><\/figure><\/div><div class=\"wp-block-themeisle-blocks-slider-item-wrapper glide__slide\" tabindex=\"0\"><figure><img decoding=\"async\" class=\"wp-block-themeisle-blocks-slider-item\" src=\"https:\/\/ak.teclinkeurope.com\/wp-content\/uploads\/2025\/01\/Kunst_poster.jpg\" alt=\"\" title=\"\" data-id=\"277\"\/><figcaption>Plakat Design\/Musikerinnen<\/figcaption><\/figure><\/div><div class=\"wp-block-themeisle-blocks-slider-item-wrapper glide__slide\" tabindex=\"0\"><figure><img decoding=\"async\" class=\"wp-block-themeisle-blocks-slider-item\" src=\"https:\/\/ak.teclinkeurope.com\/wp-content\/uploads\/2025\/01\/CD_TA.jpg\" alt=\"\" title=\"\" data-id=\"273\"\/><figcaption>CD-Cover Design<\/figcaption><\/figure><\/div><div class=\"wp-block-themeisle-blocks-slider-item-wrapper glide__slide\" tabindex=\"0\"><figure><img decoding=\"async\" class=\"wp-block-themeisle-blocks-slider-item\" src=\"https:\/\/ak.teclinkeurope.com\/wp-content\/uploads\/2025\/01\/CIW_folder_gross.jpg\" alt=\"\" title=\"\" data-id=\"271\"\/><\/figure><\/div><div class=\"wp-block-themeisle-blocks-slider-item-wrapper glide__slide\" tabindex=\"0\"><figure><img decoding=\"async\" class=\"wp-block-themeisle-blocks-slider-item\" src=\"https:\/\/ak.teclinkeurope.com\/wp-content\/uploads\/2025\/01\/TLE_folder.jpg\" alt=\"\" title=\"\" data-id=\"269\"\/><\/figure><\/div><\/div><div class=\"glide__bullets\" data-glide-el=\"controls[nav]\"><button class=\"glide__bullet\" data-glide-dir=\"=0\"><\/button><button class=\"glide__bullet\" data-glide-dir=\"=1\"><\/button><button class=\"glide__bullet\" data-glide-dir=\"=2\"><\/button><button class=\"glide__bullet\" data-glide-dir=\"=3\"><\/button><button class=\"glide__bullet\" data-glide-dir=\"=4\"><\/button><button class=\"glide__bullet\" data-glide-dir=\"=5\"><\/button><button class=\"glide__bullet\" data-glide-dir=\"=6\"><\/button><button class=\"glide__bullet\" data-glide-dir=\"=7\"><\/button><button class=\"glide__bullet\" data-glide-dir=\"=8\"><\/button><button class=\"glide__bullet\" data-glide-dir=\"=9\"><\/button><button class=\"glide__bullet\" data-glide-dir=\"=10\"><\/button><button class=\"glide__bullet\" data-glide-dir=\"=11\"><\/button><\/div><\/div><\/div>\n\n\n\n<p><\/p>\n\n\n\n<h2 class=\"wp-block-heading\"><strong>Printdesign<\/strong><\/h2>\n\n\n\n<figure class=\"wp-block-gallery has-nested-images columns-default is-cropped wp-block-gallery-3 is-layout-flex wp-block-gallery-is-layout-flex\"><\/figure>\n","protected":false},"excerpt":{"rendered":"<p>Lycian Design&nbsp;\u2013 Ihrer Partner f\u00fcr \u00e4sthetische und effektive visuelle Kommunikation. Wir verwandeln Ihre Ideen in einzigartige Designs, die begeistern und im Ged\u00e4chtnis bleiben. Unsere Schwerpunkte: Jedes Projekt beginnt mit einer Vision \u2013 Ihrer Vision.&nbsp; Gemeinsam entwickeln wir Designs, die nicht nur sch\u00f6n aussehen, sondern auch Ihre Botschaft klar transportieren.&nbsp; Bei&nbsp;Lycian Design&nbsp;stehen Kreativit\u00e4t, Pr\u00e4zision und ein &hellip;<\/p>\n<p class=\"read-more\"> <a class=\"\" href=\"https:\/\/ak.teclinkeurope.com\/de\/portfolio\/\"> <span class=\"screen-reader-text\">Leistungen<\/span> Read More \u00bb<\/a><\/p>\n","protected":false},"author":1,"featured_media":0,"parent":0,"menu_order":0,"comment_status":"closed","ping_status":"closed","template":"","meta":{"ub_ctt_via":"","advgb_blocks_editor_width":"","advgb_blocks_columns_visual_guide":"","_uag_custom_page_level_css":"","site-sidebar-layout":"default","site-content-layout":"","ast-site-content-layout":"default","site-content-style":"default","site-sidebar-style":"default","ast-global-header-display":"","ast-banner-title-visibility":"","ast-main-header-display":"","ast-hfb-above-header-display":"","ast-hfb-below-header-display":"","ast-hfb-mobile-header-display":"","site-post-title":"","ast-breadcrumbs-content":"","ast-featured-img":"","footer-sml-layout":"","theme-transparent-header-meta":"","adv-header-id-meta":"","stick-header-meta":"","header-above-stick-meta":"","header-main-stick-meta":"","header-below-stick-meta":"","astra-migrate-meta-layouts":"set","_themeisle_gutenberg_block_has_review":false,"footnotes":""},"pp_force_visibility":null,"pp_subpost_visibility":null,"pp_inherited_force_visibility":null,"pp_inherited_subpost_visibility":null,"featured_image_src":null,"yoast_head":"<!-- This site is optimized with the Yoast SEO plugin v21.2 - https:\/\/yoast.com\/wordpress\/plugins\/seo\/ -->\n<title>Leistungen - Anna Kamenetskaia<\/title>\n<meta name=\"robots\" content=\"noindex, follow, max-snippet:-1, max-image-preview:large, max-video-preview:-1\" \/>\n<meta property=\"og:locale\" content=\"de_DE\" \/>\n<meta property=\"og:type\" content=\"article\" \/>\n<meta property=\"og:title\" content=\"Leistungen - Anna Kamenetskaia\" \/>\n<meta property=\"og:description\" content=\"Lycian Design&nbsp;\u2013 Ihrer Partner f\u00fcr \u00e4sthetische und effektive visuelle Kommunikation. Wir verwandeln Ihre Ideen in einzigartige Designs, die begeistern und im Ged\u00e4chtnis bleiben. Unsere Schwerpunkte: Jedes Projekt beginnt mit einer Vision \u2013 Ihrer Vision.&nbsp; Gemeinsam entwickeln wir Designs, die nicht nur sch\u00f6n aussehen, sondern auch Ihre Botschaft klar transportieren.&nbsp; Bei&nbsp;Lycian Design&nbsp;stehen Kreativit\u00e4t, Pr\u00e4zision und ein &hellip; Leistungen Read More \u00bb\" \/>\n<meta property=\"og:url\" content=\"https:\/\/ak.teclinkeurope.com\/de\/portfolio\/\" \/>\n<meta property=\"og:site_name\" content=\"Anna Kamenetskaia\" \/>\n<meta property=\"article:modified_time\" content=\"2025-01-23T13:52:04+00:00\" \/>\n<meta property=\"og:image\" content=\"https:\/\/ak.teclinkeurope.com\/wp-content\/uploads\/2025\/01\/170125_landing_page_anja.png\" \/>\n<meta name=\"twitter:card\" content=\"summary_large_image\" \/>\n<meta name=\"twitter:label1\" content=\"Gesch\u00e4tzte Lesezeit\" \/>\n\t<meta name=\"twitter:data1\" content=\"4 Minuten\" \/>\n<script type=\"application\/ld+json\" class=\"yoast-schema-graph\">{\"@context\":\"https:\/\/schema.org\",\"@graph\":[{\"@type\":\"WebPage\",\"@id\":\"https:\/\/ak.teclinkeurope.com\/de\/portfolio\/\",\"url\":\"https:\/\/ak.teclinkeurope.com\/de\/portfolio\/\",\"name\":\"Leistungen - Anna Kamenetskaia\",\"isPartOf\":{\"@id\":\"https:\/\/ak.teclinkeurope.com\/de\/#website\"},\"datePublished\":\"2025-01-08T12:56:09+00:00\",\"dateModified\":\"2025-01-23T13:52:04+00:00\",\"breadcrumb\":{\"@id\":\"https:\/\/ak.teclinkeurope.com\/de\/portfolio\/#breadcrumb\"},\"inLanguage\":\"de-DE\",\"potentialAction\":[{\"@type\":\"ReadAction\",\"target\":[\"https:\/\/ak.teclinkeurope.com\/de\/portfolio\/\"]}]},{\"@type\":\"BreadcrumbList\",\"@id\":\"https:\/\/ak.teclinkeurope.com\/de\/portfolio\/#breadcrumb\",\"itemListElement\":[{\"@type\":\"ListItem\",\"position\":1,\"name\":\"Startseite\",\"item\":\"https:\/\/ak.teclinkeurope.com\/de\/\"},{\"@type\":\"ListItem\",\"position\":2,\"name\":\"Leistungen\"}]},{\"@type\":\"WebSite\",\"@id\":\"https:\/\/ak.teclinkeurope.com\/de\/#website\",\"url\":\"https:\/\/ak.teclinkeurope.com\/de\/\",\"name\":\"Anna Kamenetskaia\",\"description\":\"Painter and teacher  based in St. Peterburg\",\"publisher\":{\"@id\":\"https:\/\/ak.teclinkeurope.com\/de\/#organization\"},\"potentialAction\":[{\"@type\":\"SearchAction\",\"target\":{\"@type\":\"EntryPoint\",\"urlTemplate\":\"https:\/\/ak.teclinkeurope.com\/de\/?s={search_term_string}\"},\"query-input\":\"required name=search_term_string\"}],\"inLanguage\":\"de-DE\"},{\"@type\":\"Organization\",\"@id\":\"https:\/\/ak.teclinkeurope.com\/de\/#organization\",\"name\":\"Anna Kamenetskaia\",\"url\":\"https:\/\/ak.teclinkeurope.com\/de\/\",\"logo\":{\"@type\":\"ImageObject\",\"inLanguage\":\"de-DE\",\"@id\":\"https:\/\/ak.teclinkeurope.com\/de\/#\/schema\/logo\/image\/\",\"url\":\"https:\/\/ak.teclinkeurope.com\/wp-content\/uploads\/2025\/05\/Element-1.svg\",\"contentUrl\":\"https:\/\/ak.teclinkeurope.com\/wp-content\/uploads\/2025\/05\/Element-1.svg\",\"width\":77,\"height\":21,\"caption\":\"Anna Kamenetskaia\"},\"image\":{\"@id\":\"https:\/\/ak.teclinkeurope.com\/de\/#\/schema\/logo\/image\/\"}}]}<\/script>\n<!-- \/ Yoast SEO plugin. -->","yoast_head_json":{"title":"Leistungen - Anna Kamenetskaia","robots":{"index":"noindex","follow":"follow","max-snippet":"max-snippet:-1","max-image-preview":"max-image-preview:large","max-video-preview":"max-video-preview:-1"},"og_locale":"de_DE","og_type":"article","og_title":"Leistungen - Anna Kamenetskaia","og_description":"Lycian Design&nbsp;\u2013 Ihrer Partner f\u00fcr \u00e4sthetische und effektive visuelle Kommunikation. Wir verwandeln Ihre Ideen in einzigartige Designs, die begeistern und im Ged\u00e4chtnis bleiben. Unsere Schwerpunkte: Jedes Projekt beginnt mit einer Vision \u2013 Ihrer Vision.&nbsp; Gemeinsam entwickeln wir Designs, die nicht nur sch\u00f6n aussehen, sondern auch Ihre Botschaft klar transportieren.&nbsp; Bei&nbsp;Lycian Design&nbsp;stehen Kreativit\u00e4t, Pr\u00e4zision und ein &hellip; Leistungen Read More \u00bb","og_url":"https:\/\/ak.teclinkeurope.com\/de\/portfolio\/","og_site_name":"Anna Kamenetskaia","article_modified_time":"2025-01-23T13:52:04+00:00","og_image":[{"url":"https:\/\/ak.teclinkeurope.com\/wp-content\/uploads\/2025\/01\/170125_landing_page_anja.png"}],"twitter_card":"summary_large_image","twitter_misc":{"Gesch\u00e4tzte Lesezeit":"4 Minuten"},"schema":{"@context":"https:\/\/schema.org","@graph":[{"@type":"WebPage","@id":"https:\/\/ak.teclinkeurope.com\/de\/portfolio\/","url":"https:\/\/ak.teclinkeurope.com\/de\/portfolio\/","name":"Leistungen - Anna Kamenetskaia","isPartOf":{"@id":"https:\/\/ak.teclinkeurope.com\/de\/#website"},"datePublished":"2025-01-08T12:56:09+00:00","dateModified":"2025-01-23T13:52:04+00:00","breadcrumb":{"@id":"https:\/\/ak.teclinkeurope.com\/de\/portfolio\/#breadcrumb"},"inLanguage":"de-DE","potentialAction":[{"@type":"ReadAction","target":["https:\/\/ak.teclinkeurope.com\/de\/portfolio\/"]}]},{"@type":"BreadcrumbList","@id":"https:\/\/ak.teclinkeurope.com\/de\/portfolio\/#breadcrumb","itemListElement":[{"@type":"ListItem","position":1,"name":"Startseite","item":"https:\/\/ak.teclinkeurope.com\/de\/"},{"@type":"ListItem","position":2,"name":"Leistungen"}]},{"@type":"WebSite","@id":"https:\/\/ak.teclinkeurope.com\/de\/#website","url":"https:\/\/ak.teclinkeurope.com\/de\/","name":"Anna Kamenetskaia","description":"Painter and teacher  based in St. Peterburg","publisher":{"@id":"https:\/\/ak.teclinkeurope.com\/de\/#organization"},"potentialAction":[{"@type":"SearchAction","target":{"@type":"EntryPoint","urlTemplate":"https:\/\/ak.teclinkeurope.com\/de\/?s={search_term_string}"},"query-input":"required name=search_term_string"}],"inLanguage":"de-DE"},{"@type":"Organization","@id":"https:\/\/ak.teclinkeurope.com\/de\/#organization","name":"Anna Kamenetskaia","url":"https:\/\/ak.teclinkeurope.com\/de\/","logo":{"@type":"ImageObject","inLanguage":"de-DE","@id":"https:\/\/ak.teclinkeurope.com\/de\/#\/schema\/logo\/image\/","url":"https:\/\/ak.teclinkeurope.com\/wp-content\/uploads\/2025\/05\/Element-1.svg","contentUrl":"https:\/\/ak.teclinkeurope.com\/wp-content\/uploads\/2025\/05\/Element-1.svg","width":77,"height":21,"caption":"Anna Kamenetskaia"},"image":{"@id":"https:\/\/ak.teclinkeurope.com\/de\/#\/schema\/logo\/image\/"}}]}},"coauthors":[{"link":"https:\/\/ak.teclinkeurope.com\/de\/author\/ifadmin\/","display_name":"admin"}],"author_meta":{"author_link":"https:\/\/ak.teclinkeurope.com\/de\/author\/ifadmin\/","display_name":"admin"},"relative_dates":{"created":"Posted 1 Jahr ago","modified":"Updated 1 Jahr ago"},"absolute_dates":{"created":"Posted on Januar 8, 2025","modified":"Updated on Januar 23, 2025"},"absolute_dates_time":{"created":"Posted on Januar 8, 2025 12:56 pm","modified":"Updated on Januar 23, 2025 1:52 pm"},"featured_img_caption":"","featured_img":false,"series_order":null,"uagb_featured_image_src":{"full":false,"thumbnail":false,"medium":false,"medium_large":false,"large":false,"1536x1536":false,"2048x2048":false,"woocommerce_thumbnail":false,"woocommerce_single":false,"woocommerce_gallery_thumbnail":false,"dgwt-wcas-product-suggestion":false},"uagb_author_info":{"display_name":"admin","author_link":"https:\/\/ak.teclinkeurope.com\/de\/author\/ifadmin\/"},"uagb_comment_info":0,"uagb_excerpt":"Lycian Design&nbsp;\u2013 Ihrer Partner f\u00fcr \u00e4sthetische und effektive visuelle Kommunikation. Wir verwandeln Ihre Ideen in einzigartige Designs, die begeistern und im Ged\u00e4chtnis bleiben. Unsere Schwerpunkte: Jedes Projekt beginnt mit einer Vision \u2013 Ihrer Vision.&nbsp; Gemeinsam entwickeln wir Designs, die nicht nur sch\u00f6n aussehen, sondern auch Ihre Botschaft klar transportieren.&nbsp; Bei&nbsp;Lycian Design&nbsp;stehen Kreativit\u00e4t, Pr\u00e4zision und ein&hellip;","_links":{"self":[{"href":"https:\/\/ak.teclinkeurope.com\/de\/wp-json\/wp\/v2\/pages\/145"}],"collection":[{"href":"https:\/\/ak.teclinkeurope.com\/de\/wp-json\/wp\/v2\/pages"}],"about":[{"href":"https:\/\/ak.teclinkeurope.com\/de\/wp-json\/wp\/v2\/types\/page"}],"author":[{"embeddable":true,"href":"https:\/\/ak.teclinkeurope.com\/de\/wp-json\/wp\/v2\/users\/1"}],"replies":[{"embeddable":true,"href":"https:\/\/ak.teclinkeurope.com\/de\/wp-json\/wp\/v2\/comments?post=145"}],"version-history":[{"count":23,"href":"https:\/\/ak.teclinkeurope.com\/de\/wp-json\/wp\/v2\/pages\/145\/revisions"}],"predecessor-version":[{"id":359,"href":"https:\/\/ak.teclinkeurope.com\/de\/wp-json\/wp\/v2\/pages\/145\/revisions\/359"}],"wp:attachment":[{"href":"https:\/\/ak.teclinkeurope.com\/de\/wp-json\/wp\/v2\/media?parent=145"}],"curies":[{"name":"wp","href":"https:\/\/api.w.org\/{rel}","templated":true}]}}